{"id":47,"date":"2016-10-16T16:24:26","date_gmt":"2016-10-16T14:24:26","guid":{"rendered":"http:\/\/shop.deurexpure.com\/?post_type=product&#038;p=47"},"modified":"2021-07-08T16:10:59","modified_gmt":"2021-07-08T14:10:59","slug":"deurex-pure-in-kunststoffeimer-1-kg","status":"publish","type":"product","link":"https:\/\/shop.deurexpure.com\/de\/produkt\/deurex-pure-in-kunststoffeimer-1-kg\/","title":{"rendered":"DEUREX PURE im Plastikeimer (1kg)"},"content":{"rendered":"<p>Hervorragend geeignet zur Dosierung von DEUREX PURE. Das lose DEUREX PURE verklumpt bei Kontakt mit \u00d6l und Chemikalien und l\u00e4sst sich daher sehr leicht absch\u00f6pfen. Verwendung des Kunststoffeimers als Vorratsbeh\u00e4lter.<\/p>\n<p>Auch zur Lagerung und Entsorgung des verschmutzten Materials geeignet.<\/p>","protected":false},"excerpt":{"rendered":"<ul>\n<li>Der kleine Eimer enth\u00e4lt 1 kg loses DEUREX PURE<\/li>\n<li>Verwendung der Eimer als Lagerbeh\u00e4lter<\/li>\n<li>Verwendung der Eimer zur Aufnahme und Entsorgung des adsorbierten Materials<\/li>\n<\/ul>\n<p><strong>F\u00fcr weitere Fragen oder Anliegen wenden Sie sich bitte an <a href=\"mailto:info@deurex.com\">info@deurex.com.<\/a><\/strong><\/p>","protected":false},"featured_media":103,"template":"","meta":[],"product_brand":[],"product_cat":[44],"product_tag":[],"class_list":{"0":"post-47","1":"product","2":"type-product","3":"status-publish","4":"has-post-thumbnail","6":"product_cat-unkategorisiert","7":"product_shipping_class-shipping-bucket","9":"first","10":"instock","11":"sold-individually","12":"taxable","13":"shipping-taxable","14":"purchasable","15":"product-type-simple"},"_links":{"self":[{"href":"https:\/\/shop.deurexpure.com\/de\/wp-json\/wp\/v2\/product\/47","targetHints":{"allow":["GET"]}}],"collection":[{"href":"https:\/\/shop.deurexpure.com\/de\/wp-json\/wp\/v2\/product"}],"about":[{"href":"https:\/\/shop.deurexpure.com\/de\/wp-json\/wp\/v2\/types\/product"}],"wp:featuredmedia":[{"embeddable":true,"href":"https:\/\/shop.deurexpure.com\/de\/wp-json\/wp\/v2\/media\/103"}],"wp:attachment":[{"href":"https:\/\/shop.deurexpure.com\/de\/wp-json\/wp\/v2\/media?parent=47"}],"wp:term":[{"taxonomy":"product_brand","embeddable":true,"href":"https:\/\/shop.deurexpure.com\/de\/wp-json\/wp\/v2\/product_brand?post=47"},{"taxonomy":"product_cat","embeddable":true,"href":"https:\/\/shop.deurexpure.com\/de\/wp-json\/wp\/v2\/product_cat?post=47"},{"taxonomy":"product_tag","embeddable":true,"href":"https:\/\/shop.deurexpure.com\/de\/wp-json\/wp\/v2\/product_tag?post=47"}],"curies":[{"name":"wp","href":"https:\/\/api.w.org\/{rel}","templated":true}]}}