{"id":5,"date":"2016-10-16T12:51:15","date_gmt":"2016-10-16T10:51:15","guid":{"rendered":"http:\/\/shop.deurexpure.com\/?page_id=5"},"modified":"2020-06-11T10:23:13","modified_gmt":"2020-06-11T08:23:13","slug":"imprint","status":"publish","type":"page","link":"https:\/\/shop.deurexpure.com\/de\/imprint\/","title":{"rendered":"Impressum"},"content":{"rendered":"<div class=\"wpb-content-wrapper\"><div  class=\"wpb_row vc_row-fluid standard-section section  section-no-parallax  stretch\" data-speed=\"1\" style=\"\"><div class=\"col span_12 color-dark left\">\n\t<div class=\"vc_col-sm-12 wpb_column column_container col no-padding color-dark\" style=\"\" data-animation=\"\" data-delay=\"\">\n\t\t<div class=\"wpb_wrapper\">\n\t\t\t\n\t<div class=\"wpb_text_column wpb_content_element\" >\n\t\t<div class=\"wpb_wrapper\">\n\t\t\t<div id=\"seitentitel\">\n<h1>Impressum<\/h1>\n<\/div>\n<div class=\"inh-abs-titel\">\n<h2>DEUREX AG<\/h2>\n<\/div>\n<div class=\"inh-abs-text\">\n<div>\n<p>Dr.-Bergius-Stra\u00dfe 8-12<br \/>\n06729 Elsteraue<br \/>\nDeutschland<\/p>\n<p>Telefon:\u00a0+49 (3441) 8 29 29 29<br \/>\nTelefax:\u00a0+49 (3441) 8 29 29 28<\/p>\n<p>E-mail:\u00a0<a href=\"mailto:Info@Deurex.com\">info@deurex.com<\/a><\/p>\n<p>Vorstand: G\u00fcnter Hufschmid<br \/>\nAufsichtsrat: Diana Hufschmid, Alexander Hufschmid, Tobias Hufschmid<\/p>\n<p>Hauptsitz:06729 Elsteraue<\/p>\n<p>Handelsregister: Amtsgericht Stendal, HRB 5828<br \/>\nUSt-ID: DE 251 355 165<\/p>\n<p>Inhaltlich Verantwortlicher gem\u00e4\u00df TMG: Torsten R\u00f6diger, DEUREX AG, Dr.-Bergius-Stra\u00dfe 8-12, 06729 Elsteraue<\/p>\n<\/div>\n<div><\/div>\n<\/div>\n<div class=\"content-trenner\"><\/div>\n<div class=\"inh-abs-titel\">\n<h2>\u00a7 1 Liability for contents, hyperlinks<\/h2>\n<\/div>\n<div class=\"inh-abs-text\">\n<div>\n<p>We are responsible for our own contents on our pages in accordance with general laws.<\/p>\n<p>We have provided the information contained in this Internet service carefully and will endeavour to carry out regular checks. However we cannot assume any guarantee for the correctness, up-to-dateness, completeness and continued availability. Binding information, advice, recommendations or declarations are only issued by us in the course of individual communications.<\/p>\n<p>We reserve the right to alter, add to, shorten or withdraw our Internet service in full at any time. We are also not responsible for the suitability of the contents of our Internet service for the user and his or her purposes.<\/p>\n<\/div>\n<div><\/div>\n<\/div>\n<div class=\"content-trenner\"><\/div>\n<div class=\"inh-abs-titel\">\n<h2>\u00a7 2 Copyright<\/h2>\n<\/div>\n<div class=\"inh-abs-text\">\n<p>The content, design and structure of our Internet service are protected by copyright and we expressly reserve all property rights. In particular, the duplication, alteration, processing and any type of use of the contents require our written agreement, unless the measure does not require agreement as prescribed by law. Downloads and copies of this page are only permitted for private, non-commercial use.<\/p>\n<p>All pictures used in this Website are our property or are license-free pictures from:<\/p>\n<p>pixabay.com<br \/>\npexels.com<\/p>\n<\/div>\n\n\t\t<\/div>\n\t<\/div>\n\n\t\t<\/div> \n\t<\/div> \n<\/div><\/div>\n<\/div>","protected":false},"excerpt":{"rendered":"Imprint DEUREX AG Dr.-Bergius-Stra\u00dfe 8-12 06729 Elsteraue Deutschland Telefon:\u00a0+49 (3441) 8 29 29 29 Telefax:\u00a0+49 (3441) 8 29 29 28 E-mail:\u00a0info@deurex.com Vorstand: G\u00fcnter Hufschmid Aufsichtsrat: Diana Hufschmid, Alexander Hufschmid, Tobias Hufschmid Hauptsitz:06729 Elsteraue Handelsregister: Amtsgericht Stendal, HRB 5828 USt-ID: DE 251 355 165 Inhaltlich Verantwortlicher gem\u00e4\u00df TMG: Torsten R\u00f6diger, DEUREX AG, Dr.-Bergius-Stra\u00dfe 8-12, 06729 Elsteraue \u00a7 1 Liability for contents, hyperlinks We are responsible for our own contents on our pages in accordance with general laws. We have provided the information contained in this Internet service carefully and will endeavour to carry out regular checks. However we cannot assume any guarantee for the correctness, up-to-dateness, completeness and continued availability. Binding information, advice, recommendations or declarations are only issued by us in the course of individual communications. We reserve the right to alter, add to, shorten or withdraw our Internet service in full at any time. We are also not responsible for the suitability of the contents of our Internet service for the user and his or her purposes. \u00a7 2 Copyright The content, design and structure of our Internet service are protected by copyright and we expressly reserve all property rights. In particular, the duplication, alteration, processing and any type [...]","protected":false},"author":3,"featured_media":0,"parent":0,"menu_order":0,"comment_status":"closed","ping_status":"closed","template":"","meta":{"footnotes":""},"class_list":["post-5","page","type-page","status-publish","hentry"],"_links":{"self":[{"href":"https:\/\/shop.deurexpure.com\/de\/wp-json\/wp\/v2\/pages\/5","targetHints":{"allow":["GET"]}}],"collection":[{"href":"https:\/\/shop.deurexpure.com\/de\/wp-json\/wp\/v2\/pages"}],"about":[{"href":"https:\/\/shop.deurexpure.com\/de\/wp-json\/wp\/v2\/types\/page"}],"author":[{"embeddable":true,"href":"https:\/\/shop.deurexpure.com\/de\/wp-json\/wp\/v2\/users\/3"}],"replies":[{"embeddable":true,"href":"https:\/\/shop.deurexpure.com\/de\/wp-json\/wp\/v2\/comments?post=5"}],"version-history":[{"count":10,"href":"https:\/\/shop.deurexpure.com\/de\/wp-json\/wp\/v2\/pages\/5\/revisions"}],"predecessor-version":[{"id":13094,"href":"https:\/\/shop.deurexpure.com\/de\/wp-json\/wp\/v2\/pages\/5\/revisions\/13094"}],"wp:attachment":[{"href":"https:\/\/shop.deurexpure.com\/de\/wp-json\/wp\/v2\/media?parent=5"}],"curies":[{"name":"wp","href":"https:\/\/api.w.org\/{rel}","templated":true}]}}