{"id":2,"date":"2016-10-16T12:48:15","date_gmt":"2016-10-16T10:48:15","guid":{"rendered":"http:\/\/shop.deurexpure.com\/?page_id=2"},"modified":"2018-06-18T16:58:25","modified_gmt":"2018-06-18T14:58:25","slug":"beispiel-seite","status":"publish","type":"page","link":"https:\/\/shop.deurexpure.com\/de\/beispiel-seite\/","title":{"rendered":"Startseite"},"content":{"rendered":"<div class=\"wpb-content-wrapper\"><div id=\"oelbindemittel\" class=\"wpb_row vc_row-fluid standard-section section  section-no-parallax  stretch\" data-speed=\"1\" style=\"padding-top: 50px; padding-bottom: 50px; \"><div class=\"col span_12 color-dark left\">\n\t<div class=\"vc_col-sm-8 wpb_column column_container col no-padding color-dark\" style=\"\" data-animation=\"\" data-delay=\"\">\n\t\t<div class=\"wpb_wrapper\">\n\t\t\t<h1 class=\"headline font-inherit fontsize-xl fontweight-inherit lh-14 align-left transform-inherit\" style=\"margin: 0 0 10px 0;\">DEUREX\u00ae PURE<br \/>\nDAS \u00d6L- UND CHEMIKALIENBINDEMITTEL<\/h1><div class=\"divider divider5\" style='margin:0px 0 20px 0 !important;'><\/div><div class=\"minti_list wpb_content_element color-accent checkbox show_separator\" style=\"\">\n<ul>\n<li><strong>Gewinner des europ\u00e4ischen Erfinderpreises 2017<\/strong><\/li>\n<li>ist geeignet f\u00fcr hydrophobe Fl\u00fcssigkeiten, f\u00fcr \u00d6le und Chemikalien, auch Alkohole und Tenside<\/li>\n<li>1 kg DEUREX Pure bindet 6,55 l \u00d6l (DEKRA)<\/li>\n<li>schnelle Aufnahme durch gro\u00dfe Oberfl\u00e4che von 3 m\u00b2\/g<\/li>\n<li>bindet dauerhaft, nimmt kein Wasser auf und schwimmt auch im ges\u00e4ttigten Zustand an der Oberfl\u00e4che<\/li>\n<li>kann r\u00fcckstandslos entfernt werden, dann einfach recyceln oder thermisch verwerten.<\/li>\n<\/ul>\n<\/div>\n\t\t<\/div> \n\t<\/div> \n\n\t<div class=\"vc_col-sm-4 wpb_column column_container col no-padding color-dark\" style=\"\" data-animation=\"\" data-delay=\"\">\n\t\t<div class=\"wpb_wrapper\">\n\t\t\t<div class=\"single_image wpb_content_element align-center   image_zoom\" data-animation=\"none\" data-delay=\"0\"><a href=\"http:\/\/shop.deurexpure.com\/de\/produkt\/1-kg-deurex-pure\/\" target=\"_blank\"><img loading=\"lazy\" decoding=\"async\" width=\"500\" height=\"500\" src=\"https:\/\/shop.deurexpure.com\/wp-content\/uploads\/2016\/10\/oelbindemittel-deurex-wasserabweisende-wachs-watte.png\" class=\"attachment-full\" alt=\"\u00d6lbindemittel DEUREX\u00ae PURE\" title=\"oelbindemittel-deurex-wasserabweisende-wachs-watte\" srcset=\"https:\/\/shop.deurexpure.com\/wp-content\/uploads\/2016\/10\/oelbindemittel-deurex-wasserabweisende-wachs-watte.png 500w, https:\/\/shop.deurexpure.com\/wp-content\/uploads\/2016\/10\/oelbindemittel-deurex-wasserabweisende-wachs-watte-300x300.png 300w, https:\/\/shop.deurexpure.com\/wp-content\/uploads\/2016\/10\/oelbindemittel-deurex-wasserabweisende-wachs-watte-100x100.png 100w, https:\/\/shop.deurexpure.com\/wp-content\/uploads\/2016\/10\/oelbindemittel-deurex-wasserabweisende-wachs-watte-150x150.png 150w, https:\/\/shop.deurexpure.com\/wp-content\/uploads\/2016\/10\/oelbindemittel-deurex-wasserabweisende-wachs-watte-80x80.png 80w\" sizes=\"auto, (max-width: 500px) 100vw, 500px\" \/><\/a><\/div>\n\t\t<\/div> \n\t<\/div> \n<\/div><\/div><div id=\"vorteile\" class=\"wpb_row vc_row-fluid standard-section section  section-no-parallax  stretch\" data-speed=\"1\" style=\"background-color: #f5f5f5; padding-top: 50px; padding-bottom: 50px; \"><div class=\"col span_12 color-dark text-align-center\">\n\t<div class=\"vc_col-sm-12 wpb_column column_container col no-padding color-dark\" style=\"\" data-animation=\"\" data-delay=\"\">\n\t\t<div class=\"wpb_wrapper\">\n\t\t\t<h2 class=\"headline font-inherit fontsize-xxl fontweight-300 lh-14 align-center transform-inherit\" style=\"margin: 0 0 40px 0;\">Vorteile<\/h2><div class=\"vc_row wpb_row vc_inner vc_row-fluid\"><div class=\"wpb_column vc_column_container vc_col-sm-4\"><div class=\"vc_column-inner\"><div class=\"wpb_wrapper\"><div class=\"iconbox  iconbox-style-10 icon-color-accent color-dark clearfix\"><i class=\"fa  boxicon\" style=\"\"><\/i><h3>\u00d6l- und Chemikalienbindemittel<\/h3><p>\n<ul>\n<li>Umweltfreundlich<\/li>\n<li>Hydrophobe Wachs-Watte<\/li>\n<li>Produkt nimmt kein Wasser auf<\/li>\n<li>Nur Schadstoffe werden aufgenommen<\/li>\n<li>Schadstoffe werden dauerhaft gebunden<\/li>\n<li>Staubfreies Arbeiten<\/li>\n<\/ul>\n<\/p><\/div><\/div><\/div><\/div><div class=\"wpb_column vc_column_container vc_col-sm-4\"><div class=\"vc_column-inner\"><div class=\"wpb_wrapper\"><div class=\"iconbox  iconbox-style-10 icon-color-accent color-dark clearfix\"><i class=\"fa  boxicon\" style=\"\"><\/i><h3>Hohe und schnelle Adsorption<\/h3><p>\n<ul>\n<li>Nimmt das 6,55-fache des Eigengewichts auf<\/li>\n<li>Zertifiziert von der DEKRA Umwelt GmbH<\/li>\n<li>Aufgenommen in der &#8220;Liste der gepr\u00fcften \u00d6lbindemittel&#8221;<\/li>\n<\/ul>\n<\/p><\/div><\/div><\/div><\/div><div class=\"wpb_column vc_column_container vc_col-sm-4\"><div class=\"vc_column-inner\"><div class=\"wpb_wrapper\"><div class=\"iconbox  iconbox-style-10 icon-color-accent color-dark clearfix\"><i class=\"fa  boxicon\" style=\"\"><\/i><h3>Pr\u00e4ventionsmittel<\/h3><p>\n<ul>\n<li>Produkt verdirbt nicht durch Umwelteinfl\u00fcsse<\/li>\n<li>Schwimmt auch im vollgesogenen Zustand<\/li>\n<li>Hilft Sch\u00e4den zu minimieren und zu vermeiden<\/li>\n<\/ul>\n<\/p><\/div><\/div><\/div><\/div><\/div>\n\t\t<\/div> \n\t<\/div> \n<\/div><\/div><div id=\"anwendung\" class=\"wpb_row vc_row-fluid standard-section section  section-no-parallax  stretch\" data-speed=\"1\" style=\"padding-top: 50px; \"><div class=\"col span_12 color-dark left\">\n\t<div class=\"vc_col-sm-12 wpb_column column_container col no-padding color-dark\" style=\"\" data-animation=\"\" data-delay=\"\">\n\t\t<div class=\"wpb_wrapper\">\n\t\t\t<h2 class=\"headline font-inherit fontsize-xxxl fontweight-300 lh-14 align-center transform-inherit\" style=\"margin: 0;\">Anwendung<\/h2>\n\t\t<\/div> \n\t<\/div> \n<\/div><\/div><div  class=\"wpb_row vc_row-fluid standard-section section  section-no-parallax  stretch\" data-speed=\"1\" style=\"padding-top: 50px; padding-bottom: 50px; \"><div class=\"col span_12 color-dark left\">\n\t<div class=\"vc_col-sm-4 wpb_column column_container col no-padding color-dark\" style=\"\" data-animation=\"\" data-delay=\"\">\n\t\t<div class=\"wpb_wrapper\">\n\t\t\t<div class=\"single_image wpb_content_element align-left\" data-animation=\"none\" data-delay=\"0\"><img loading=\"lazy\" decoding=\"async\" width=\"444\" height=\"470\" src=\"https:\/\/shop.deurexpure.com\/wp-content\/uploads\/2016\/10\/deurex-pure-watte.png\" class=\"attachment-full\" alt=\"DEUREX PURE Watte\" title=\"deurex-pure-watte\" srcset=\"https:\/\/shop.deurexpure.com\/wp-content\/uploads\/2016\/10\/deurex-pure-watte.png 444w, https:\/\/shop.deurexpure.com\/wp-content\/uploads\/2016\/10\/deurex-pure-watte-283x300.png 283w\" sizes=\"auto, (max-width: 444px) 100vw, 444px\" \/><\/div>\n\t\t<\/div> \n\t<\/div> \n\n\t<div class=\"vc_col-sm-8 wpb_column column_container col no-padding color-dark\" style=\"\" data-animation=\"\" data-delay=\"\">\n\t\t<div class=\"wpb_wrapper\">\n\t\t\t<div class=\"vc_row wpb_row vc_inner vc_row-fluid\"><div class=\"wpb_column vc_column_container vc_col-sm-6\"><div class=\"vc_column-inner\"><div class=\"wpb_wrapper\"><h3 class=\"headline font-inherit fontsize-m fontweight-inherit lh-14 align-left transform-inherit\" style=\"margin: 0 0 10px 0;\">Wasserbehandlung<\/h3><div class=\"minti_list wpb_content_element color-accent line\" style=\"\">\n<ul>\n<li>Kl\u00e4ranlagen<\/li>\n<li>Filtertechnik<\/li>\n<li>Koaleszenzabscheider<\/li>\n<li>Bilgen-Ent\u00f6lung<\/li>\n<\/ul>\n<\/div><h3 class=\"headline font-inherit fontsize-m fontweight-inherit lh-14 align-left transform-inherit\" style=\"margin: 0 0 10px 0;\">Wasserschutz<\/h3><div class=\"minti_list wpb_content_element color-accent line\" style=\"\">\n<ul>\n<li>Seen und Fl\u00fcsse<\/li>\n<li>Regenwasserr\u00fcckhaltebecken<\/li>\n<li>Talsperren<\/li>\n<li>Schleu\u00dfen<\/li>\n<li>H\u00e4fen und Marinas<\/li>\n<\/ul>\n<\/div><h3 class=\"headline font-inherit fontsize-m fontweight-inherit lh-14 align-left transform-inherit\" style=\"margin: 0 0 10px 0;\">Windkraftanlagen<\/h3><div class=\"minti_list wpb_content_element color-accent line\" style=\"\">\n<ul>\n<li>OSC &#8211; der Oil Safety Collar sch\u00fctzt vor \u00d6lunf\u00e4llen<\/li>\n<\/ul>\n<\/div><\/div><\/div><\/div><div class=\"wpb_column vc_column_container vc_col-sm-6\"><div class=\"vc_column-inner\"><div class=\"wpb_wrapper\"><h3 class=\"headline font-inherit fontsize-m fontweight-inherit lh-14 align-left transform-inherit\" style=\"margin: 0 0 10px 0;\">Katastrophenschutz<\/h3><div class=\"minti_list wpb_content_element color-accent line\" style=\"\">\n<ul>\n<li>Feuerwehren<\/li>\n<li>\u00d6lwehren<\/li>\n<li>Hochwasser<\/li>\n<li>Geb\u00e4udeschutz<\/li>\n<\/ul>\n<\/div><h3 class=\"headline font-inherit fontsize-m fontweight-inherit lh-14 align-left transform-inherit\" style=\"margin: 0 0 10px 0;\">Industrielle Anwendungen<\/h3><div class=\"minti_list wpb_content_element color-accent line\" style=\"\">\n<ul>\n<li>Raffinerien<\/li>\n<li>\u00d6lf\u00fchrende Maschinen<\/li>\n<li>Autowaschanlagen<\/li>\n<li>Tankstellen<\/li>\n<li>Bohrinseln<\/li>\n<\/ul>\n<\/div><h3 class=\"headline font-inherit fontsize-m fontweight-inherit lh-14 align-left transform-inherit\" style=\"margin: 0 0 10px 0;\">Umwelttechnologien<\/h3><div class=\"minti_list wpb_content_element color-accent line\" style=\"\">\n<ul>\n<li>Bodensanierung<\/li>\n<li>Altlastenfreistellung<\/li>\n<\/ul>\n<\/div><\/div><\/div><\/div><\/div>\n\t\t<\/div> \n\t<\/div> \n<\/div><\/div><div  class=\"wpb_row vc_row-fluid standard-section section  section-parallax  stretch bg-stretch\" data-speed=\"1\" style=\"background-image: url(https:\/\/shop.deurexpure.com\/wp-content\/uploads\/2016\/10\/pure-parallax-1.jpg); padding-top: 100px; padding-bottom: 100px; \"><div class=\"col span_12 color-light text-align-center\">\n\t<div class=\"vc_col-sm-12 wpb_column column_container col no-padding color-dark\" style=\"\" data-animation=\"\" data-delay=\"\">\n\t\t<div class=\"wpb_wrapper\">\n\t\t\t\n\t\t<\/div> \n\t<\/div> \n<\/div><\/div><div  class=\"wpb_row vc_row-fluid standard-section section  section-no-parallax  stretch\" data-speed=\"1\" style=\"padding-top: 50px; padding-bottom: 50px; \"><div class=\"col span_12 color-dark left\">\n\t<div class=\"vc_col-sm-12 wpb_column column_container col no-padding color-dark\" style=\"\" data-animation=\"\" data-delay=\"\">\n\t\t<div class=\"wpb_wrapper\">\n\t\t\t<h2 class=\"headline font-inherit fontsize-xxxl fontweight-300 lh-14 align-center transform-inherit\" style=\"margin: 0 0 40px 0;\">DEUREX PURE ist bekannt aus:<\/h2><div class=\"minti_carousel  grab-true dots\" data-columns=\"5\" data-tabletcolumns=\"5\" data-nav=\"false\" data-pagination=\"true\" data-autoplay=\"true\" data-animationtime=\"4000\"><div class=\"single_image wpb_content_element align-left\" data-animation=\"none\" data-delay=\"0\"><a href=\"https:\/\/www.epo.org\/learning-events\/european-inventor\/finalists\/2017\/hufschmid_de.html\" target=\"_blank\"><img loading=\"lazy\" decoding=\"async\" width=\"180\" height=\"90\" src=\"https:\/\/shop.deurexpure.com\/wp-content\/uploads\/2016\/10\/EPO_logo.gif\" class=\"attachment-full\" alt=\"\" title=\"EPO_logo\" \/><\/a><span class=\"single_image_caption\">Europ\u00e4ischer Erfinderpreis 2017<\/span><\/div><div class=\"single_image wpb_content_element align-left\" data-animation=\"none\" data-delay=\"0\"><a href=\"http:\/\/www.nachhaltigleben.ch\/1-blog\/3863-oelkatastrophen-ade-watte-aus-wachs-stoppt-umweltverschmutzung\" target=\"_blank\"><img loading=\"lazy\" decoding=\"async\" width=\"294\" height=\"33\" src=\"https:\/\/shop.deurexpure.com\/wp-content\/uploads\/2016\/10\/nachhaltigleben-logo.png\" class=\"attachment-full\" alt=\"\" title=\"nachhaltigleben-logo\" \/><\/a><\/div><div class=\"single_image wpb_content_element align-left\" data-animation=\"none\" data-delay=\"0\"><a href=\"https:\/\/www.heise.de\/tr\/artikel\/Erfinder-aus-Zufall-3606163.html#mobile_detect_force_desktop\" target=\"_blank\"><img loading=\"lazy\" decoding=\"async\" width=\"179\" height=\"65\" src=\"https:\/\/shop.deurexpure.com\/wp-content\/uploads\/2016\/10\/tr_logo.png\" class=\"attachment-full\" alt=\"\" title=\"tr_logo\" \/><\/a><\/div><div class=\"single_image wpb_content_element align-center\" data-animation=\"none\" data-delay=\"0\"><a href=\"http:\/\/shop.deurexpure.com\/wp-content\/uploads\/2017\/02\/Sachsen-Anhalt-Heute-Bericht-Pure-vom-19_06_2013.mp4\" target=\"_blank\"><img loading=\"lazy\" decoding=\"async\" width=\"260\" height=\"100\" src=\"https:\/\/shop.deurexpure.com\/wp-content\/uploads\/2016\/10\/mdr.png\" class=\"attachment-full\" alt=\"\" title=\"mdr\" \/><\/a><\/div><div class=\"single_image wpb_content_element align-center\" data-animation=\"none\" data-delay=\"0\"><a href=\"http:\/\/www.br.de\/mediathek\/video\/sendungen\/abendschau-der-sueden\/pure-reinigt-wasser-von-oel-erfindung-100.html\" target=\"_blank\"><img loading=\"lazy\" decoding=\"async\" width=\"260\" height=\"100\" src=\"https:\/\/shop.deurexpure.com\/wp-content\/uploads\/2016\/10\/br.png\" class=\"attachment-full\" alt=\"\" title=\"br\" \/><\/a><\/div><div class=\"single_image wpb_content_element align-center\" data-animation=\"none\" data-delay=\"0\"><a href=\"http:\/\/www.augsburg.tv\/mediathek\/video\/derchinger-naturwissenschaftler-erfindet-das-wachs-pure\/\" target=\"_blank\"><\/a><\/div><div class=\"single_image wpb_content_element align-center\" data-animation=\"none\" data-delay=\"0\"><a href=\"https:\/\/www.wired.de\/collection\/science\/diese-watte-ist-das-neue-wundermittel-gegen-oelkatastrophen\" target=\"_blank\"><img loading=\"lazy\" decoding=\"async\" width=\"260\" height=\"100\" src=\"https:\/\/shop.deurexpure.com\/wp-content\/uploads\/2016\/10\/wired.png\" class=\"attachment-full\" alt=\"\" title=\"wired\" \/><\/a><\/div><div class=\"single_image wpb_content_element align-center\" data-animation=\"none\" data-delay=\"0\"><a href=\"http:\/\/www.mz-web.de\/weissenfels\/wirtschaft-alttroeglitz-moellring-verzaubert-von-deurex-oelbindemittel-2263744\" target=\"_blank\"><img loading=\"lazy\" decoding=\"async\" width=\"260\" height=\"100\" src=\"https:\/\/shop.deurexpure.com\/wp-content\/uploads\/2016\/10\/mitteldeutsche-zeitung.png\" class=\"attachment-full\" alt=\"\" title=\"mitteldeutsche-zeitung\" \/><\/a><\/div><div class=\"single_image wpb_content_element align-center\" data-animation=\"none\" data-delay=\"0\"><a href=\"http:\/\/unternehmen-heute.de\/news.php?newsid=434260\" target=\"_blank\"><img loading=\"lazy\" decoding=\"async\" width=\"541\" height=\"78\" src=\"https:\/\/shop.deurexpure.com\/wp-content\/uploads\/2017\/06\/Unternehmen_Heute.png\" class=\"attachment-full\" alt=\"\" title=\"Unternehmen_Heute\" srcset=\"https:\/\/shop.deurexpure.com\/wp-content\/uploads\/2017\/06\/Unternehmen_Heute.png 541w, https:\/\/shop.deurexpure.com\/wp-content\/uploads\/2017\/06\/Unternehmen_Heute-300x43.png 300w\" sizes=\"auto, (max-width: 541px) 100vw, 541px\" \/><\/a><\/div><\/div>\n\t\t<\/div> \n\t<\/div> \n<\/div><\/div><div id=\"presse\" class=\"wpb_row vc_row-fluid standard-section section  section-no-parallax  stretch\" data-speed=\"1\" style=\"padding-top: 40px; padding-bottom: 100px; \"><div class=\"col span_12 color-dark left\">\n\t<div class=\"vc_col-sm-4 wpb_column column_container col no-padding color-dark\" style=\"\" data-animation=\"\" data-delay=\"\">\n\t\t<div class=\"wpb_wrapper\">\n\t\t\t\n\t<div class=\"wpb_raw_code wpb_raw_html wpb_content_element\" >\n\t\t<div class=\"wpb_wrapper\">\n\t\t\t<iframe loading=\"lazy\" width=\"100%\" height=\"315\" src=\"https:\/\/www.youtube-nocookie.com\/embed\/EutbDPQwUvI\" frameborder=\"0\" allow=\"autoplay; encrypted-media\" allowfullscreen><\/iframe>\n\t\t<\/div>\n\t<\/div>\n<div class=\"single_image wpb_content_element align-left   image_zoom\" data-animation=\"none\" data-delay=\"0\"><a href=\"https:\/\/www.3sat.de\/mediathek\/?mode=play&#038;obj=67293\" target=\"_blank\"><img loading=\"lazy\" decoding=\"async\" width=\"883\" height=\"366\" src=\"https:\/\/shop.deurexpure.com\/wp-content\/uploads\/2017\/06\/3sat_Wunderwatte.png\" class=\"attachment-full\" alt=\"\" title=\"3sat_Wunderwatte\" srcset=\"https:\/\/shop.deurexpure.com\/wp-content\/uploads\/2017\/06\/3sat_Wunderwatte.png 883w, https:\/\/shop.deurexpure.com\/wp-content\/uploads\/2017\/06\/3sat_Wunderwatte-600x249.png 600w, https:\/\/shop.deurexpure.com\/wp-content\/uploads\/2017\/06\/3sat_Wunderwatte-300x124.png 300w, https:\/\/shop.deurexpure.com\/wp-content\/uploads\/2017\/06\/3sat_Wunderwatte-768x318.png 768w\" sizes=\"auto, (max-width: 883px) 100vw, 883px\" \/><\/a><\/div><div class=\"single_image wpb_content_element align-left   image_zoom\" data-animation=\"none\" data-delay=\"0\"><a href=\"http:\/\/www.prosieben.de\/tv\/galileo\/videos\/2016191-umweltfreundliche-superfaser-oelsaugende-wolle-clip\" target=\"_blank\"><img loading=\"lazy\" decoding=\"async\" width=\"556\" height=\"340\" src=\"https:\/\/shop.deurexpure.com\/wp-content\/uploads\/2016\/10\/galileo-e1494346166279.jpg\" class=\"attachment-full\" alt=\"\" title=\"galileo\" \/><\/a><span class=\"single_image_caption\">\u00a9 ProSieben<\/span><\/div>\n\t\t<\/div> \n\t<\/div> \n\n\t<div class=\"vc_col-sm-8 wpb_column column_container col no-padding color-dark\" style=\"\" data-animation=\"\" data-delay=\"\">\n\t\t<div class=\"wpb_wrapper\">\n\t\t\t<h3 class=\"headline font-inherit fontsize-m fontweight-inherit lh-14 align-left transform-inherit\" style=\"margin: 0 0 10px 0;\">Umweltfreundliche Superfaser: \u00d6lsaugende Wolle<\/h3><div class=\"divider divider5\" style='margin:0px 0 20px 0 !important;'><\/div><div class=\"minti_list wpb_content_element color-accent checkbox show_separator\" style=\"\">\n<ul>\n<li>Hilft Sch\u00e4den zu minimieren und zu vermeiden<\/li>\n<li>Schadstoffe werden dauerhaft gebunden<\/li>\n<li>Hydrophobe Wachs-Watte<\/li>\n<\/ul>\n<\/div>\n\t\t<\/div> \n\t<\/div> \n<\/div><\/div>\n<\/div>","protected":false},"excerpt":{"rendered":"DEUREX\u00ae PURE DAS \u00d6L- UND CHEMIKALIENBINDEMITTEL Gewinner des europ\u00e4ischen Erfinderpreises 2017 ist geeignet f\u00fcr hydrophobe Fl\u00fcssigkeiten, f\u00fcr \u00d6le und Chemikalien, auch Alkohole und Tenside 1 kg DEUREX Pure bindet 6,55 l \u00d6l (DEKRA) schnelle Aufnahme durch gro\u00dfe Oberfl\u00e4che von 3 m\u00b2\/g bindet dauerhaft, nimmt kein Wasser auf und schwimmt auch im ges\u00e4ttigten Zustand an der Oberfl\u00e4che kann r\u00fcckstandslos entfernt werden, dann einfach recyceln oder thermisch verwerten. Vorteile\u00d6l- und Chemikalienbindemittel Umweltfreundlich Hydrophobe Wachs-Watte Produkt nimmt kein Wasser auf Nur Schadstoffe werden aufgenommen Schadstoffe werden dauerhaft gebunden Staubfreies Arbeiten Hohe und schnelle Adsorption Nimmt das 6,55-fache des Eigengewichts auf Zertifiziert von der DEKRA Umwelt GmbH Aufgenommen in der \"Liste der gepr\u00fcften \u00d6lbindemittel\" Pr\u00e4ventionsmittel Produkt verdirbt nicht durch Umwelteinfl\u00fcsse Schwimmt auch im vollgesogenen Zustand Hilft Sch\u00e4den zu minimieren und zu vermeiden Anwendung Wasserbehandlung Kl\u00e4ranlagen Filtertechnik Koaleszenzabscheider Bilgen-Ent\u00f6lung Wasserschutz Seen und Fl\u00fcsse Regenwasserr\u00fcckhaltebecken Talsperren Schleu\u00dfen H\u00e4fen und Marinas Windkraftanlagen OSC - der Oil Safety Collar sch\u00fctzt vor \u00d6lunf\u00e4llen Katastrophenschutz Feuerwehren \u00d6lwehren Hochwasser Geb\u00e4udeschutz Industrielle Anwendungen Raffinerien \u00d6lf\u00fchrende Maschinen Autowaschanlagen Tankstellen Bohrinseln Umwelttechnologien Bodensanierung Altlastenfreistellung DEUREX PURE ist bekannt aus:Europ\u00e4ischer Erfinderpreis 2017 \u00a9 ProSieben Umweltfreundliche Superfaser: \u00d6lsaugende Wolle Hilft Sch\u00e4den zu minimieren und zu vermeiden Schadstoffe werden dauerhaft gebunden Hydrophobe Wachs-Watte","protected":false},"author":3,"featured_media":0,"parent":0,"menu_order":0,"comment_status":"closed","ping_status":"open","template":"","meta":{"footnotes":""},"class_list":["post-2","page","type-page","status-publish","hentry"],"_links":{"self":[{"href":"https:\/\/shop.deurexpure.com\/de\/wp-json\/wp\/v2\/pages\/2","targetHints":{"allow":["GET"]}}],"collection":[{"href":"https:\/\/shop.deurexpure.com\/de\/wp-json\/wp\/v2\/pages"}],"about":[{"href":"https:\/\/shop.deurexpure.com\/de\/wp-json\/wp\/v2\/types\/page"}],"author":[{"embeddable":true,"href":"https:\/\/shop.deurexpure.com\/de\/wp-json\/wp\/v2\/users\/3"}],"replies":[{"embeddable":true,"href":"https:\/\/shop.deurexpure.com\/de\/wp-json\/wp\/v2\/comments?post=2"}],"version-history":[{"count":131,"href":"https:\/\/shop.deurexpure.com\/de\/wp-json\/wp\/v2\/pages\/2\/revisions"}],"predecessor-version":[{"id":13628,"href":"https:\/\/shop.deurexpure.com\/de\/wp-json\/wp\/v2\/pages\/2\/revisions\/13628"}],"wp:attachment":[{"href":"https:\/\/shop.deurexpure.com\/de\/wp-json\/wp\/v2\/media?parent=2"}],"curies":[{"name":"wp","href":"https:\/\/api.w.org\/{rel}","templated":true}]}}